{"id":833,"date":"2018-09-11T19:23:59","date_gmt":"2018-09-11T19:23:59","guid":{"rendered":"https:\/\/sola-harmonike.si\/?page_id=833"},"modified":"2024-04-19T18:27:47","modified_gmt":"2024-04-19T18:27:47","slug":"splosni-pogoji1","status":"publish","type":"page","link":"https:\/\/sola-harmonike.si\/?page_id=833","title":{"rendered":"Splo\u0161ni pogoji"},"content":{"rendered":"<div class=\"fusion-fullwidth fullwidth-box fusion-builder-row-1 fusion-flex-container nonhundred-percent-fullwidth non-hundred-percent-height-scrolling\" style=\"--awb-border-radius-top-left:0px;--awb-border-radius-top-right:0px;--awb-border-radius-bottom-right:0px;--awb-border-radius-bottom-left:0px;--awb-flex-wrap:wrap;\" ><div class=\"fusion-builder-row fusion-row fusion-flex-align-items-flex-start fusion-flex-content-wrap\" style=\"max-width:1216.8px;margin-left: calc(-4% \/ 2 );margin-right: calc(-4% \/ 2 );\"><div class=\"fusion-layout-column fusion_builder_column fusion-builder-column-0 fusion_builder_column_1_1 1_1 fusion-flex-column\" style=\"--awb-bg-size:cover;--awb-width-large:100%;--awb-margin-top-large:0px;--awb-spacing-right-large:1.92%;--awb-margin-bottom-large:0px;--awb-spacing-left-large:1.92%;--awb-width-medium:100%;--awb-spacing-right-medium:1.92%;--awb-spacing-left-medium:1.92%;--awb-width-small:100%;--awb-spacing-right-small:1.92%;--awb-spacing-left-small:1.92%;\"><div class=\"fusion-column-wrapper fusion-flex-justify-content-flex-start fusion-content-layout-column\"><div class=\"fusion-text fusion-text-1\"><div class=\"post-content\"><span style=\"font-size: 18pt;\"><strong>Splo\u0161ni pogoji<\/strong><\/span><\/div>\n<div>&nbsp;<\/div>\n<div class=\"post-content\"><strong>AKTIVACIJA PROGRAMA<br \/><\/strong>Vsak kupljeni program VSLN se lahko aktivira najve\u010d dvakrat (oziroma na dveh razli\u010dnih ra\u010dunalnikih)!<\/div>\n<div>&nbsp;<\/div>\n<div class=\"post-content\"><strong style=\"color: var(--awb-text-color); font-family: var(--awb-text-font-family); font-size: var(--awb-font-size); font-style: var(--awb-text-font-style); letter-spacing: var(--awb-letter-spacing); text-align: var(--awb-content-alignment); text-transform: var(--awb-text-transform);\">NARO\u010cILA<br \/><\/strong><span style=\"color: var(--awb-text-color); font-family: var(--awb-text-font-family); font-size: var(--awb-font-size); font-style: var(--awb-text-font-style); letter-spacing: var(--awb-letter-spacing); text-align: var(--awb-content-alignment); text-transform: var(--awb-text-transform); background-color: var(--awb-bg-color-hover);\">Sprejeta naro\u010dila obravnavamo kot nepreklicna.<\/span><\/div>\n<div>&nbsp;<\/div>\n<div class=\"post-content\"><strong style=\"color: var(--awb-text-color); font-family: var(--awb-text-font-family); font-size: var(--awb-font-size); font-style: var(--awb-text-font-style); letter-spacing: var(--awb-letter-spacing); text-align: var(--awb-content-alignment); text-transform: var(--awb-text-transform);\">OBDELAVA NARO\u010dILA<br \/><\/strong>Z obdelavo naro\u010dila za\u010dnemo takoj po prejetju, oziroma med delavniki od 8. do 16. ure.<\/div>\n<div class=\"post-content\">\n<p><strong>PLA\u010cILO <\/strong><br \/>Pri naro\u010dilu preko po\u0161te pla\u010date po povzetju (plus stro\u0161ki po\u0161tne provizije).<br \/>Cena po\u0161tnih storitev se zara\u010dunava po njihovem aktualnem ceniku.<\/p>\n<p><strong>DOSTAVA<\/strong><br \/>Program vam bomo dostavili po po\u0161ti.<\/p>\n<p><strong>REKLAMACIJE IN INFORMACIJE<\/strong><br \/>V primeru va\u0161ih vpra\u0161anj ali morebitnih nejasnosti nam pi\u0161ite na e-mail <a href=\"mailto:info@sola-harmonike.si\">info@sola-harmonike.si<\/a>. ali nas pokli\u010dite.<\/p>\n<p><strong>MO\u017dNE NAPAKE NA SPLETNI STRANI<\/strong><br \/>V primeru motenj ali napak nam to prosim sporo\u010dite na na\u0161 email <a href=\"mailto:info@sola-harmonike.si\">info@sola-harmonike.si<\/a>.<\/p>\n<p><strong>NOSILEC SPLETNE PRODAJE <\/strong><\/p>\n<p>Glasbeni center GOTER<br \/>Robert Goter s.p.<br \/>Laze 3 c<br \/>3320 Velenje<br \/>ID za DDV:SI96173688<br \/>Mail: <a href=\"mailto:robertgoter@gmail.com\">robertgoter@gmail.com<\/a><br \/>Gsm: 041 670 885<\/p>\n<p><a href=\"mailto:info@sola-harmonike.si\">info@sola-harmonike.si<\/a><\/p>\n<\/div>\n<\/div><\/div><\/div><\/div><\/div>\n","protected":false},"excerpt":{"rendered":"","protected":false},"author":1,"featured_media":0,"parent":0,"menu_order":0,"comment_status":"closed","ping_status":"closed","template":"","meta":{"footnotes":""},"class_list":["post-833","page","type-page","status-publish","hentry"],"_links":{"self":[{"href":"https:\/\/sola-harmonike.si\/index.php?rest_route=\/wp\/v2\/pages\/833","targetHints":{"allow":["GET"]}}],"collection":[{"href":"https:\/\/sola-harmonike.si\/index.php?rest_route=\/wp\/v2\/pages"}],"about":[{"href":"https:\/\/sola-harmonike.si\/index.php?rest_route=\/wp\/v2\/types\/page"}],"author":[{"embeddable":true,"href":"https:\/\/sola-harmonike.si\/index.php?rest_route=\/wp\/v2\/users\/1"}],"replies":[{"embeddable":true,"href":"https:\/\/sola-harmonike.si\/index.php?rest_route=%2Fwp%2Fv2%2Fcomments&post=833"}],"version-history":[{"count":7,"href":"https:\/\/sola-harmonike.si\/index.php?rest_route=\/wp\/v2\/pages\/833\/revisions"}],"predecessor-version":[{"id":1156,"href":"https:\/\/sola-harmonike.si\/index.php?rest_route=\/wp\/v2\/pages\/833\/revisions\/1156"}],"wp:attachment":[{"href":"https:\/\/sola-harmonike.si\/index.php?rest_route=%2Fwp%2Fv2%2Fmedia&parent=833"}],"curies":[{"name":"wp","href":"https:\/\/api.w.org\/{rel}","templated":true}]}}